{"id":1052,"date":"2021-05-24T12:33:46","date_gmt":"2021-05-24T12:33:46","guid":{"rendered":"http:\/\/industrie.itdservice.de\/?page_id=1052"},"modified":"2025-11-25T12:06:11","modified_gmt":"2025-11-25T12:06:11","slug":"zertifizierungen","status":"publish","type":"page","link":"http:\/\/industrie.itdservice.de\/en\/zertifizierungen","title":{"rendered":"Certifications"},"content":{"rendered":"<div data-elementor-type=\"wp-page\" data-elementor-id=\"1052\" class=\"elementor elementor-1052\">\n\t\t\t\t\t\t\t\t\t<section class=\"elementor-section elementor-top-section elementor-element elementor-element-0a3c686 elementor-section-boxed elementor-section-height-default elementor-section-height-default\" data-id=\"0a3c686\" data-element_type=\"section\">\n\t\t\t\t\t\t<div class=\"elementor-container elementor-column-gap-default\">\n\t\t\t\t\t<div class=\"elementor-column elementor-col-100 elementor-top-column elementor-element elementor-element-9ba966e\" data-id=\"9ba966e\" data-element_type=\"column\">\n\t\t\t<div class=\"elementor-widget-wrap elementor-element-populated\">\n\t\t\t\t\t\t\t\t<div class=\"elementor-element elementor-element-f09c3cc elementor-widget elementor-widget-spacer\" data-id=\"f09c3cc\" data-element_type=\"widget\" data-widget_type=\"spacer.default\">\n\t\t\t\t<div class=\"elementor-widget-container\">\n\t\t\t\t\t<div class=\"elementor-spacer\">\n\t\t\t<div class=\"elementor-spacer-inner\"><\/div>\n\t\t<\/div>\n\t\t\t\t<\/div>\n\t\t\t\t<\/div>\n\t\t\t\t\t<\/div>\n\t\t<\/div>\n\t\t\t\t\t\t\t<\/div>\n\t\t<\/section>\n\t\t\t\t<section class=\"elementor-section elementor-top-section elementor-element elementor-element-680ec5e elementor-section-boxed elementor-section-height-default elementor-section-height-default\" data-id=\"680ec5e\" data-element_type=\"section\">\n\t\t\t\t\t\t<div class=\"elementor-container elementor-column-gap-default\">\n\t\t\t\t\t<div class=\"elementor-column elementor-col-100 elementor-top-column elementor-element elementor-element-3e921ef\" data-id=\"3e921ef\" data-element_type=\"column\">\n\t\t\t<div class=\"elementor-widget-wrap\">\n\t\t\t\t\t\t\t\t\t<\/div>\n\t\t<\/div>\n\t\t\t\t\t\t\t<\/div>\n\t\t<\/section>\n\t\t\t\t<section class=\"elementor-section elementor-top-section elementor-element elementor-element-2b52f8f elementor-section-boxed elementor-section-height-default elementor-section-height-default\" data-id=\"2b52f8f\" data-element_type=\"section\">\n\t\t\t\t\t\t<div class=\"elementor-container elementor-column-gap-default\">\n\t\t\t\t\t<div class=\"elementor-column elementor-col-100 elementor-top-column elementor-element elementor-element-5cc0fc9\" data-id=\"5cc0fc9\" data-element_type=\"column\">\n\t\t\t<div class=\"elementor-widget-wrap\">\n\t\t\t\t\t\t\t\t\t<\/div>\n\t\t<\/div>\n\t\t\t\t\t\t\t<\/div>\n\t\t<\/section>\n\t\t\t\t<section class=\"elementor-section elementor-top-section elementor-element elementor-element-6fc32e4 animated-fast elementor-section-boxed elementor-section-height-default elementor-section-height-default elementor-invisible\" data-id=\"6fc32e4\" data-element_type=\"section\" data-settings=\"{&quot;background_background&quot;:&quot;classic&quot;,&quot;animation&quot;:&quot;fadeIn&quot;}\">\n\t\t\t\t\t\t\t<div class=\"elementor-background-overlay\"><\/div>\n\t\t\t\t\t\t\t<div class=\"elementor-container elementor-column-gap-default\">\n\t\t\t\t\t<div class=\"elementor-column elementor-col-100 elementor-top-column elementor-element elementor-element-e69b7f2\" data-id=\"e69b7f2\" data-element_type=\"column\">\n\t\t\t<div class=\"elementor-widget-wrap elementor-element-populated\">\n\t\t\t\t\t\t\t\t<div class=\"elementor-element elementor-element-b16e307 elementor-invisible elementor-widget elementor-widget-heading\" data-id=\"b16e307\" data-element_type=\"widget\" data-settings=\"{&quot;_animation&quot;:&quot;fadeIn&quot;,&quot;_animation_delay&quot;:300}\" data-widget_type=\"heading.default\">\n\t\t\t\t<div class=\"elementor-widget-container\">\n\t\t\t<h2 class=\"elementor-heading-title elementor-size-default\">Certifications<\/h2>\t\t<\/div>\n\t\t\t\t<\/div>\n\t\t\t\t\t<\/div>\n\t\t<\/div>\n\t\t\t\t\t\t\t<\/div>\n\t\t<\/section>\n\t\t\t\t<section class=\"elementor-section elementor-top-section elementor-element elementor-element-2e2729b elementor-section-boxed elementor-section-height-default elementor-section-height-default\" data-id=\"2e2729b\" data-element_type=\"section\">\n\t\t\t\t\t\t<div class=\"elementor-container elementor-column-gap-default\">\n\t\t\t\t\t<div class=\"elementor-column elementor-col-100 elementor-top-column elementor-element elementor-element-056eb38\" data-id=\"056eb38\" data-element_type=\"column\">\n\t\t\t<div class=\"elementor-widget-wrap elementor-element-populated\">\n\t\t\t\t\t\t\t\t<div class=\"elementor-element elementor-element-a918c10 elementor-widget elementor-widget-spacer\" data-id=\"a918c10\" data-element_type=\"widget\" data-widget_type=\"spacer.default\">\n\t\t\t\t<div class=\"elementor-widget-container\">\n\t\t\t\t\t<div class=\"elementor-spacer\">\n\t\t\t<div class=\"elementor-spacer-inner\"><\/div>\n\t\t<\/div>\n\t\t\t\t<\/div>\n\t\t\t\t<\/div>\n\t\t\t\t\t<\/div>\n\t\t<\/div>\n\t\t\t\t\t\t\t<\/div>\n\t\t<\/section>\n\t\t\t\t<section class=\"elementor-section elementor-top-section elementor-element elementor-element-b247edf elementor-section-boxed elementor-section-height-default elementor-section-height-default\" data-id=\"b247edf\" data-element_type=\"section\">\n\t\t\t\t\t\t<div class=\"elementor-container elementor-column-gap-default\">\n\t\t\t\t\t<div class=\"elementor-column elementor-col-50 elementor-top-column elementor-element elementor-element-324807f\" data-id=\"324807f\" data-element_type=\"column\">\n\t\t\t<div class=\"elementor-widget-wrap elementor-element-populated\">\n\t\t\t\t\t\t\t\t<div class=\"elementor-element elementor-element-68cbb7d elementor-widget-divider--view-line elementor-invisible elementor-widget elementor-widget-divider\" data-id=\"68cbb7d\" data-element_type=\"widget\" data-settings=\"{&quot;_animation&quot;:&quot;fadeInLeft&quot;}\" data-widget_type=\"divider.default\">\n\t\t\t\t<div class=\"elementor-widget-container\">\n\t\t\t\t\t<div class=\"elementor-divider\">\n\t\t\t<span class=\"elementor-divider-separator\">\n\t\t\t\t\t\t<\/span>\n\t\t<\/div>\n\t\t\t\t<\/div>\n\t\t\t\t<\/div>\n\t\t\t\t<div class=\"elementor-element elementor-element-bcaa53c elementor-widget elementor-widget-text-editor\" data-id=\"bcaa53c\" data-element_type=\"widget\" data-widget_type=\"text-editor.default\">\n\t\t\t\t<div class=\"elementor-widget-container\">\n\t\t\t\t\t\t\t<div class=\"elementor-element elementor-element-f8d4838 elementor-widget elementor-widget-text-editor\" data-id=\"f8d4838\" data-element_type=\"widget\" data-widget_type=\"text-editor.default\"><div class=\"elementor-widget-container\"><p>Unser Unternehmen ist T\u00dcV zertifiziert.<\/p><\/div><\/div><div class=\"elementor-element elementor-element-5a0fa8f elementor-widget elementor-widget-text-editor\" data-id=\"5a0fa8f\" data-element_type=\"widget\" data-widget_type=\"text-editor.default\"><div class=\"elementor-widget-container\"><img decoding=\"async\" loading=\"lazy\" class=\"wp-image-1377 alignnone\" src=\"http:\/\/industrie.itdservice.de\/wp-content\/uploads\/2021\/06\/TUeV-Logo-300x300.png\" alt=\"\" width=\"98\" height=\"98\" srcset=\"http:\/\/industrie.itdservice.de\/wp-content\/uploads\/2021\/06\/TUeV-Logo-300x300.png 300w, http:\/\/industrie.itdservice.de\/wp-content\/uploads\/2021\/06\/TUeV-Logo-150x150.png 150w, http:\/\/industrie.itdservice.de\/wp-content\/uploads\/2021\/06\/TUeV-Logo-12x12.png 12w, http:\/\/industrie.itdservice.de\/wp-content\/uploads\/2021\/06\/TUeV-Logo-160x160.png 160w, http:\/\/industrie.itdservice.de\/wp-content\/uploads\/2021\/06\/TUeV-Logo.png 320w\" sizes=\"(max-width: 98px) 100vw, 98px\" \/><\/div><\/div>\t\t\t\t\t\t<\/div>\n\t\t\t\t<\/div>\n\t\t\t\t\t<\/div>\n\t\t<\/div>\n\t\t\t\t<div class=\"elementor-column elementor-col-50 elementor-top-column elementor-element elementor-element-1b54d79\" data-id=\"1b54d79\" data-element_type=\"column\">\n\t\t\t<div class=\"elementor-widget-wrap elementor-element-populated\">\n\t\t\t\t\t\t\t\t<div class=\"elementor-element elementor-element-eb9ef09 elementor-widget elementor-widget-text-editor\" data-id=\"eb9ef09\" data-element_type=\"widget\" data-widget_type=\"text-editor.default\">\n\t\t\t\t<div class=\"elementor-widget-container\">\n\t\t\t\t\t\t\t<ul>\n<li>DIN EN ISO 9001:2015<\/li>\n<li>SCC\/ SCP Arbeitsschutz<\/li>\n<li>DIN EN ISO 3834-2 und AD 2000-Merkblatt HP0<\/li>\n<li>Erlaubnis zur Arbeitnehmer\u00fcberlassung nach A\u00dcG<\/li>\n<li>Genehmigung gem\u00e4\u00df \u00a7 15 StrlSchV<\/li>\n<li>Fachbetrieb nach dem \u00a7 19 I des Wasserhaushaltsgesetzes.<\/li>\n<\/ul>\t\t\t\t\t\t<\/div>\n\t\t\t\t<\/div>\n\t\t\t\t\t<\/div>\n\t\t<\/div>\n\t\t\t\t\t\t\t<\/div>\n\t\t<\/section>\n\t\t\t\t<section class=\"elementor-section elementor-top-section elementor-element elementor-element-59cb076 elementor-section-boxed elementor-section-height-default elementor-section-height-default\" data-id=\"59cb076\" data-element_type=\"section\">\n\t\t\t\t\t\t<div class=\"elementor-container elementor-column-gap-default\">\n\t\t\t\t\t<div class=\"elementor-column elementor-col-100 elementor-top-column elementor-element elementor-element-41bd24f\" data-id=\"41bd24f\" data-element_type=\"column\">\n\t\t\t<div class=\"elementor-widget-wrap elementor-element-populated\">\n\t\t\t\t\t\t\t\t<div class=\"elementor-element elementor-element-441334b elementor-widget elementor-widget-spacer\" data-id=\"441334b\" data-element_type=\"widget\" data-widget_type=\"spacer.default\">\n\t\t\t\t<div class=\"elementor-widget-container\">\n\t\t\t\t\t<div class=\"elementor-spacer\">\n\t\t\t<div class=\"elementor-spacer-inner\"><\/div>\n\t\t<\/div>\n\t\t\t\t<\/div>\n\t\t\t\t<\/div>\n\t\t\t\t\t<\/div>\n\t\t<\/div>\n\t\t\t\t\t\t\t<\/div>\n\t\t<\/section>\n\t\t\t\t<section class=\"elementor-section elementor-top-section elementor-element elementor-element-bc71870 elementor-section-boxed elementor-section-height-default elementor-section-height-default\" data-id=\"bc71870\" data-element_type=\"section\">\n\t\t\t\t\t\t<div class=\"elementor-container elementor-column-gap-default\">\n\t\t\t\t\t<div class=\"elementor-column elementor-col-100 elementor-top-column elementor-element elementor-element-9254e32\" data-id=\"9254e32\" data-element_type=\"column\">\n\t\t\t<div class=\"elementor-widget-wrap elementor-element-populated\">\n\t\t\t\t\t\t\t\t<div class=\"elementor-element elementor-element-9fb71b6 elementor-widget elementor-widget-spacer\" data-id=\"9fb71b6\" data-element_type=\"widget\" data-widget_type=\"spacer.default\">\n\t\t\t\t<div class=\"elementor-widget-container\">\n\t\t\t\t\t<div class=\"elementor-spacer\">\n\t\t\t<div class=\"elementor-spacer-inner\"><\/div>\n\t\t<\/div>\n\t\t\t\t<\/div>\n\t\t\t\t<\/div>\n\t\t\t\t\t<\/div>\n\t\t<\/div>\n\t\t\t\t\t\t\t<\/div>\n\t\t<\/section>\n\t\t\t\t\t\t\t<\/div>","protected":false},"excerpt":{"rendered":"<p>Zertifizierungen Unser Unternehmen ist T\u00dcV zertifiziert. DIN EN ISO 9001:2015 SCC\/ SCP Arbeitsschutz DIN EN ISO 3834-2 und AD 2000-Merkblatt HP0 Erlaubnis zur Arbeitnehmer\u00fcberlassung nach A\u00dcG Genehmigung gem\u00e4\u00df \u00a7 15 StrlSchV Fachbetrieb nach dem \u00a7 19 I des Wasserhaushaltsgesetzes.<\/p>","protected":false},"author":1,"featured_media":0,"parent":0,"menu_order":0,"comment_status":"closed","ping_status":"closed","template":"","meta":[],"_links":{"self":[{"href":"http:\/\/industrie.itdservice.de\/en\/wp-json\/wp\/v2\/pages\/1052"}],"collection":[{"href":"http:\/\/industrie.itdservice.de\/en\/wp-json\/wp\/v2\/pages"}],"about":[{"href":"http:\/\/industrie.itdservice.de\/en\/wp-json\/wp\/v2\/types\/page"}],"author":[{"embeddable":true,"href":"http:\/\/industrie.itdservice.de\/en\/wp-json\/wp\/v2\/users\/1"}],"replies":[{"embeddable":true,"href":"http:\/\/industrie.itdservice.de\/en\/wp-json\/wp\/v2\/comments?post=1052"}],"version-history":[{"count":52,"href":"http:\/\/industrie.itdservice.de\/en\/wp-json\/wp\/v2\/pages\/1052\/revisions"}],"predecessor-version":[{"id":1491,"href":"http:\/\/industrie.itdservice.de\/en\/wp-json\/wp\/v2\/pages\/1052\/revisions\/1491"}],"wp:attachment":[{"href":"http:\/\/industrie.itdservice.de\/en\/wp-json\/wp\/v2\/media?parent=1052"}],"curies":[{"name":"wp","href":"https:\/\/api.w.org\/{rel}","templated":true}]}}